{"id":82,"date":"2025-11-24T08:16:16","date_gmt":"2025-11-24T07:16:16","guid":{"rendered":"https:\/\/vsgrossdietmanns.ac.at\/wordpress\/?page_id=82"},"modified":"2026-05-07T20:17:02","modified_gmt":"2026-05-07T18:17:02","slug":"impressum","status":"publish","type":"page","link":"https:\/\/vsgrossdietmanns.ac.at\/wordpress\/?page_id=82","title":{"rendered":"Impressum"},"content":{"rendered":"<h2 data-path-to-node=\"3\">Impressum<\/h2>\n<h3 data-path-to-node=\"4\"><b data-path-to-node=\"4\" data-index-in-node=\"0\">Medieninhaber und Herausgeber<\/b><\/h3>\n<p data-path-to-node=\"5\"><b data-path-to-node=\"5\" data-index-in-node=\"0\">Volksschule Gro\u00dfdietmanns<\/b> H\u00f6rmannser Stra\u00dfe 21 3950 Dietmanns \u00d6sterreich<\/p>\n<p data-path-to-node=\"6\"><b data-path-to-node=\"6\" data-index-in-node=\"0\">Kontakt:<\/b><\/p>\n<ul data-path-to-node=\"7\">\n<li>\n<p data-path-to-node=\"7,0,0\"><b data-path-to-node=\"7,0,0\" data-index-in-node=\"0\">Telefon:<\/b> 02852 \/ 8217<\/p>\n<\/li>\n<li>\n<p data-path-to-node=\"7,1,0\"><b data-path-to-node=\"7,1,0\" data-index-in-node=\"0\">E-Mail:<\/b> <a class=\"ng-star-inserted\" href=\"mailto:vs.grossdietmanns@noeschule.at\" target=\"_blank\" rel=\"noopener\" data-hveid=\"0\" data-ved=\"0CAAQ_4QMahgKEwjXxd-x1aeUAxUAAAAAHQAAAAAQ6wI\">vs.grossdietmanns@noeschule.at<\/a><\/p>\n<\/li>\n<li>\n<p data-path-to-node=\"7,2,0\"><b data-path-to-node=\"7,2,0\" data-index-in-node=\"0\">Web:<\/b> <a class=\"ng-star-inserted\" href=\"http:\/\/www.vsgrossdietmanns.ac.at\" target=\"_blank\" rel=\"noopener\" data-hveid=\"0\" data-ved=\"0CAAQ_4QMahgKEwjXxd-x1aeUAxUAAAAAHQAAAAAQ7AI\">www.vsgrossdietmanns.ac.at<\/a><\/p>\n<\/li>\n<\/ul>\n<h3 data-path-to-node=\"8\"><b data-path-to-node=\"8\" data-index-in-node=\"0\">Schulkennzahl (SKZ)<\/b><\/h3>\n<p data-path-to-node=\"9\">309041<\/p>\n<h3 data-path-to-node=\"10\"><b data-path-to-node=\"10\" data-index-in-node=\"0\">Schulerhalter (Sitz der Verwaltung)<\/b><\/h3>\n<p data-path-to-node=\"11\">Marktgemeinde Gro\u00dfdietmanns, Kirchenplatz 1 3950 Gro\u00dfdietmanns<\/p>\n<h3 data-path-to-node=\"12\"><b data-path-to-node=\"12\" data-index-in-node=\"0\">Aufsichtsbeh\u00f6rde<\/b><\/h3>\n<p data-path-to-node=\"13\">Bildungsdirektion f\u00fcr Nieder\u00f6sterreich Rennbahnstra\u00dfe 5 3109 St. P\u00f6lten<\/p>\n<h3 data-path-to-node=\"14\"><b data-path-to-node=\"14\" data-index-in-node=\"0\">Haftungsausschluss (Disclaimer)<\/b><\/h3>\n<p data-path-to-node=\"15\">Die Inhalte dieser Website werden mit gr\u00f6\u00dftm\u00f6glicher Sorgfalt erstellt. Dennoch \u00fcbernimmt die Volksschule Gro\u00dfdietmanns keine Gew\u00e4hr f\u00fcr die Richtigkeit, Vollst\u00e4ndigkeit und Aktualit\u00e4t der bereitgestellten Informationen.<\/p>\n<p data-path-to-node=\"16\">F\u00fcr externe Inhalte, auf die mittels Hyperlink verwiesen wird, sind ausschlie\u00dflich deren Betreiber verantwortlich. Zum Zeitpunkt der Verlinkung waren keine rechtswidrigen Inhalte erkennbar.<\/p>\n<h3 data-path-to-node=\"17\"><b data-path-to-node=\"17\" data-index-in-node=\"0\">Urheberrecht<\/b><\/h3>\n<p data-path-to-node=\"18\">Die auf dieser Webseite ver\u00f6ffentlichten Inhalte, Werke und bereitgestellten Informationen unterliegen dem Urheberrecht. Jede Art der Vervielf\u00e4ltigung, Bearbeitung, Verbreitung und jede Art der Verwertung au\u00dferhalb der Grenzen des Urheberrechtes bed\u00fcrfen der vorherigen schriftlichen Zustimmung der Schulleitung.<\/p>\n","protected":false},"excerpt":{"rendered":"<p>Impressum Medieninhaber und Herausgeber Volksschule Gro\u00dfdietmanns H\u00f6rmannser Stra\u00dfe 21 3950 Dietmanns \u00d6sterreich Kontakt: Telefon: 02852 \/ 8217 E-Mail: vs.grossdietmanns@noeschule.at Web: www.vsgrossdietmanns.ac.at Schulkennzahl (SKZ) 309041 Schulerhalter (Sitz der Verwaltung) Marktgemeinde Gro\u00dfdietmanns, Kirchenplatz 1 3950 Gro\u00dfdietmanns Aufsichtsbeh\u00f6rde Bildungsdirektion f\u00fcr Nieder\u00f6sterreich Rennbahnstra\u00dfe 5 3109 St. P\u00f6lten Haftungsausschluss (Disclaimer) Die Inhalte dieser Website werden<\/p>\n","protected":false},"author":2,"featured_media":0,"parent":0,"menu_order":0,"comment_status":"closed","ping_status":"closed","template":"","meta":{"_mc_calendar":[],"footnotes":""},"class_list":["post-82","page","type-page","status-publish","hentry"],"_links":{"self":[{"href":"https:\/\/vsgrossdietmanns.ac.at\/wordpress\/index.php?rest_route=\/wp\/v2\/pages\/82","targetHints":{"allow":["GET"]}}],"collection":[{"href":"https:\/\/vsgrossdietmanns.ac.at\/wordpress\/index.php?rest_route=\/wp\/v2\/pages"}],"about":[{"href":"https:\/\/vsgrossdietmanns.ac.at\/wordpress\/index.php?rest_route=\/wp\/v2\/types\/page"}],"author":[{"embeddable":true,"href":"https:\/\/vsgrossdietmanns.ac.at\/wordpress\/index.php?rest_route=\/wp\/v2\/users\/2"}],"replies":[{"embeddable":true,"href":"https:\/\/vsgrossdietmanns.ac.at\/wordpress\/index.php?rest_route=%2Fwp%2Fv2%2Fcomments&post=82"}],"version-history":[{"count":3,"href":"https:\/\/vsgrossdietmanns.ac.at\/wordpress\/index.php?rest_route=\/wp\/v2\/pages\/82\/revisions"}],"predecessor-version":[{"id":161,"href":"https:\/\/vsgrossdietmanns.ac.at\/wordpress\/index.php?rest_route=\/wp\/v2\/pages\/82\/revisions\/161"}],"wp:attachment":[{"href":"https:\/\/vsgrossdietmanns.ac.at\/wordpress\/index.php?rest_route=%2Fwp%2Fv2%2Fmedia&parent=82"}],"curies":[{"name":"wp","href":"https:\/\/api.w.org\/{rel}","templated":true}]}}